{"id":1325,"date":"2025-01-12T09:04:11","date_gmt":"2025-01-12T08:04:11","guid":{"rendered":"http:\/\/insant.pl\/?page_id=1325"},"modified":"2025-08-05T11:43:53","modified_gmt":"2025-08-05T10:43:53","slug":"rodo","status":"publish","type":"page","link":"https:\/\/insant.pl\/?page_id=1325","title":{"rendered":"RODO"},"content":{"rendered":"<p><strong>Informacje o zasadach przetwarzania danych osobowych w sp\u00f3\u0142ce INSANT<br \/>\n<\/strong><br \/>\nZgodnie z rozporz\u0105dzeniem Parlamentu Europejskiego i Rady (UE) nr 2016\/679 z dnia 27 kwietnia 2016 r. w sprawie ochrony os\u00f3b fizycznych w zwi\u0105zku z przetwarzaniem danych osobowych i w sprawie swobodnego przep\u0142ywu takich danych oraz uchylenia dyrektywy 95\/46\/WE [dalej: <strong>RODO<\/strong>] informujemy, \u017ce przetwarzamy Twoje dane osobowe jako Wsp\u00f3\u0142administratorzy.<\/p>\n<ol>\n<li><strong> Wsp\u00f3\u0142administratorami danych osobowych s\u0105 <\/strong>Wsp\u00f3lnicy sp\u00f3\u0142ki cywilnej INSANT &#8211; Ewelina Jasi\u0144ska i Roman Mieszkowicz. Dane kontaktowe sp\u00f3\u0142ki: INSANT s.c. Jerzy Ewelina Jasi\u0144ska Roman Mieszkowicz s.c. 66-400 Gorz\u00f3w Wlkp, ul. Mo\u015bcickiego 14, nr tel. 957221417, adres e-mail: <a href=\"mailto:biuro@insant.pl\">biuro@insant.pl<\/a> [dalej: <strong>Dostawca<\/strong>, <strong>Sp\u00f3\u0142ka<\/strong>].<br \/>\n<strong>2<\/strong>. Wsp\u00f3\u0142administratorzy powo\u0142ali Inspektora Ochrony Danych, z kt\u00f3rym mo\u017cna kontaktowa\u0107 si\u0119 w siedzibie Sp\u00f3\u0142ki, poprzez poczt\u0119 wys\u0142an\u0105 na nasz adres lub na adres e-mail: <a href=\"mailto:rodo@insant.pl\">rodo@insant.pl<\/a><\/li>\n<\/ol>\n<p><strong>3. G\u0142\u00f3wne cele i podstawy prawne przetwarzania danych osobowych<br \/>\n<\/strong>Przetwarzanie danych osobowych mo\u017ce by\u0107 realizowane w celu:<br \/>\n1)\u00a0 zawarcia z Tob\u0105 umowy o \u015bwiadczenie us\u0142ug telekomunikacyjnych, na podstawie art. 6 ust. 1 lit. b) RODO<br \/>\n( <em>\u201e<\/em><em>przetwarzanie jest niezb\u0119dne do wykonania umowy, kt\u00f3rej stron\u0105 jest osoba, kt\u00f3rej dane dotycz\u0105, lub do podj\u0119cia dzia\u0142a\u0144 na \u017c\u0105danie osoby, kt\u00f3rej dane dotycz\u0105, przed zawarciem umowy\u201d<\/em>);<br \/>\n2) wype\u0142nienia obowi\u0105zk\u00f3w prawnych ci\u0105\u017c\u0105cych na Sp\u00f3\u0142ce, na podstawie art. 6 ust. 1 lit. c) RODO, w zwi\u0105zku<br \/>\nz ustaw\u0105 Prawo komunikacji elektronicznej i ustaw\u0105 o rachunkowo\u015bci;<br \/>\n3) utrzymania kontaktu telefonicznego i mailowego z Tob\u0105 w ramach \u015bwiadczonych us\u0142ug, zw\u0142aszcza dla cel\u00f3w zwi\u0105zanych z realizacj\u0105 obowi\u0105zk\u00f3w informacyjnych Dostawcy przewidzianych w dokumentacji umownej, na podstawie Twojej zgody, tj. art. 6 ust. 1 lit. a) RODO (\u201e<em>osoba, kt\u00f3rej dane dotycz\u0105 wyrazi\u0142a zgod\u0119 na przetwarzanie swoich danych osobowych w jednym lub wi\u0119kszej liczbie okre\u015blonych cel\u00f3w\u201d)<\/em>;<br \/>\n4)\u00a0 marketingu us\u0142ug telekomunikacyjnych Dostawcy poprzez przesy\u0142anie nowych ofert na Tw\u00f3j numer telefonu (SMS lub MMS) i\/lub na adres e-mail, na podstawie art. 6 ust. 1 lit. a)\u00a0 RODO, tj. Twojej zgody.<br \/>\n4.<strong> Prawnie uzasadnionym interesem przetwarzania<\/strong> danych osobowych przez Sp\u00f3\u0142k\u0119 jest dochodzenie roszcze\u0144 lub obrona przed roszczeniami w zwi\u0105zku z zawart\u0105 umow\u0105 o \u015bwiadczenie us\u0142ug telekomunikacyjnych.<br \/>\n<strong>5. Odbiorcami danych osobowych<\/strong> mog\u0105 by\u0107 podmioty publiczne uprawnione na podstawie przepis\u00f3w prawa, nasi podwykonawcy\u00a0upowa\u017cnieni na podstawie zawartych przez Sp\u00f3\u0142k\u0119 um\u00f3w o wsp\u00f3\u0142pracy, tj. podmioty wspieraj\u0105ce nas w serwisowaniu i utrzymaniu systemu IT oraz przy monta\u017cu sprz\u0119tu telekomunikacyjnego.<br \/>\n<strong>6. Okres przechowywania danych osobowych<\/strong><br \/>\n1) dane b\u0119d\u0105 przechowywane w okresie obowi\u0105zywania umowy, a po jej zako\u0144czeniu przez okres pe\u0142nych 5 lat w ramach wype\u0142nienia obowi\u0105zk\u00f3w prawnych ci\u0105\u017c\u0105cych na Sp\u00f3\u0142ce, a nast\u0119pnie podlegaj\u0105 zniszczeniu;<br \/>\n2) w sytuacji dochodzenia roszcze\u0144 lub obrony przed roszczeniami dane osobowe b\u0119d\u0105 przechowywane do czasu zako\u0144czenia dochodzenia przedmiotowych roszcze\u0144;<br \/>\n3) dane pozyskane przez Dostawc\u0119 na podstawie Twojej zgody, b\u0119d\u0105 przechowywane w okresie wykonywania zawartej z nami umowy lub do\u00a0czasu wycofania zgody.<\/p>\n<p><strong>7. Zgodnie z przepisami RODO masz nast\u0119puj\u0105ce prawa:<br \/>\n<\/strong>1) dost\u0119pu do swoich danych osobowych, \u017c\u0105dania ich sprostowania, ograniczenia przetwarzania, usuni\u0119cia, wniesienia sprzeciwu wobec ich przetwarzania oraz przeniesienia danych do innego administratora;<br \/>\n2) w zakresie danych przetwarzanych na podstawie zgody, masz prawo do cofni\u0119cia zgody w dowolnym momencie, bez wp\u0142ywu na zgodno\u015b\u0107 z prawem przetwarzania, kt\u00f3rego dokonano przed jej cofni\u0119ciem.<br \/>\nZ praw tych mo\u017cesz skorzysta\u0107, sk\u0142adaj\u0105c wniosek\/\u017c\u0105danie na wy\u017cej podane nasze dane kontaktowe.<br \/>\nJe\u017celi uznasz, \u017ce przetwarzanie danych osobowych narusza przepisy prawa, masz prawo wniesienia skargi do Prezesa Urz\u0119du Ochrony Danych Osobowych.<br \/>\n<strong>8. Informacja co do wymog\u00f3w podania danych osobowych<\/strong><br \/>\nPodanie danych osobowych nie jest wymogiem ustawowym, ale niepodanie danych niezb\u0119dnych do zawarcia<br \/>\nz nami umowy, b\u0119dzie skutkowa\u0142o odmow\u0105 jej zawarcia.<br \/>\n<strong>9. Informacje o zautomatyzowanym przetwarzaniu i profilowaniu <\/strong><br \/>\nTwoje dane osobowe nie b\u0119d\u0105 podlega\u0142y decyzji, kt\u00f3ra opiera si\u0119 wy\u0142\u0105cznie na zautomatyzowanym przetwarzaniu i nie b\u0119d\u0105 profilowane.<\/p>\n","protected":false},"excerpt":{"rendered":"<p>Informacje o zasadach przetwarzania danych osobowych w sp\u00f3\u0142ce INSANT Zgodnie z rozporz\u0105dzeniem Parlamentu Europejskiego i Rady (UE) nr 2016\/679 z dnia 27 kwietnia 2016 r. w sprawie ochrony os\u00f3b fizycznych w zwi\u0105zku z przetwarzaniem danych osobowych i w sprawie swobodnego przep\u0142ywu takich danych oraz uchylenia dyrektywy 95\/46\/WE [dalej: RODO] informujemy, \u017ce przetwarzamy Twoje dane osobowe [&hellip;]<\/p>\n","protected":false},"author":7,"featured_media":0,"parent":0,"menu_order":0,"comment_status":"closed","ping_status":"closed","template":"","meta":{"_et_pb_use_builder":"off","_et_pb_old_content":"","_et_gb_content_width":"","footnotes":""},"class_list":["post-1325","page","type-page","status-publish","hentry"],"_links":{"self":[{"href":"https:\/\/insant.pl\/index.php?rest_route=\/wp\/v2\/pages\/1325","targetHints":{"allow":["GET"]}}],"collection":[{"href":"https:\/\/insant.pl\/index.php?rest_route=\/wp\/v2\/pages"}],"about":[{"href":"https:\/\/insant.pl\/index.php?rest_route=\/wp\/v2\/types\/page"}],"author":[{"embeddable":true,"href":"https:\/\/insant.pl\/index.php?rest_route=\/wp\/v2\/users\/7"}],"replies":[{"embeddable":true,"href":"https:\/\/insant.pl\/index.php?rest_route=%2Fwp%2Fv2%2Fcomments&post=1325"}],"version-history":[{"count":48,"href":"https:\/\/insant.pl\/index.php?rest_route=\/wp\/v2\/pages\/1325\/revisions"}],"predecessor-version":[{"id":1867,"href":"https:\/\/insant.pl\/index.php?rest_route=\/wp\/v2\/pages\/1325\/revisions\/1867"}],"wp:attachment":[{"href":"https:\/\/insant.pl\/index.php?rest_route=%2Fwp%2Fv2%2Fmedia&parent=1325"}],"curies":[{"name":"wp","href":"https:\/\/api.w.org\/{rel}","templated":true}]}}