{"id":950,"date":"2016-12-13T16:11:27","date_gmt":"2016-12-13T16:11:27","guid":{"rendered":"http:\/\/insant.pl\/v3\/?page_id=950"},"modified":"2024-11-14T13:57:37","modified_gmt":"2024-11-14T12:57:37","slug":"internet","status":"publish","type":"page","link":"https:\/\/insant.pl\/?page_id=950","title":{"rendered":"Internet"},"content":{"rendered":"<p>[et_pb_section fb_built=&#8221;1&#8243; custom_padding_last_edited=&#8221;on|desktop&#8221; admin_label=&#8221;section&#8221; _builder_version=&#8221;4.16&#8243; background_color=&#8221;rgba(255,255,255,0.49)&#8221; custom_padding_tablet=&#8221;50px|0|50px|0&#8243; transparent_background=&#8221;off&#8221; padding_mobile=&#8221;off&#8221; make_fullwidth=&#8221;off&#8221; use_custom_width=&#8221;off&#8221; width_unit=&#8221;on&#8221; custom_width_px=&#8221;1080px&#8221; custom_width_percent=&#8221;80%&#8221; global_colors_info=&#8221;{}&#8221; custom_padding_phone=&#8221;50px|0|50px|0&#8243;][et_pb_row padding_mobile=&#8221;off&#8221; column_padding_mobile=&#8221;on&#8221; admin_label=&#8221;Wiersz&#8221; _builder_version=&#8221;4.16&#8243; background_size=&#8221;initial&#8221; background_position=&#8221;top_left&#8221; background_repeat=&#8221;repeat&#8221; make_fullwidth=&#8221;off&#8221; use_custom_width=&#8221;off&#8221; width_unit=&#8221;on&#8221; custom_width_px=&#8221;1080px&#8221; custom_width_percent=&#8221;80%&#8221; global_colors_info=&#8221;{}&#8221;][et_pb_column type=&#8221;4_4&#8243; _builder_version=&#8221;4.16&#8243; custom_padding=&#8221;|||&#8221; global_colors_info=&#8221;{}&#8221; custom_padding__hover=&#8221;|||&#8221;][et_pb_post_title meta=&#8221;off&#8221; admin_label=&#8221;Tytu\u0142 posta&#8221; _builder_version=&#8221;4.16&#8243; title_letter_spacing=&#8221;5px&#8221; title_all_caps=&#8221;off&#8221; parallax=&#8221;on&#8221; parallax_method=&#8221;off&#8221; text_orientation=&#8221;center&#8221; parallax_effect=&#8221;on&#8221; use_border_color=&#8221;off&#8221; border_color=&#8221;#ffffff&#8221; border_width=&#8221;1px&#8221; border_style=&#8221;solid&#8221; global_colors_info=&#8221;{}&#8221;] [\/et_pb_post_title][et_pb_divider color=&#8221;#e5e5e5&#8243; divider_weight=&#8221;1px&#8221; disabled_on=&#8221;on|on|off&#8221; admin_label=&#8221;Separator&#8221; _builder_version=&#8221;4.16&#8243; hide_on_mobile=&#8221;on&#8221; global_colors_info=&#8221;{}&#8221;] [\/et_pb_divider][\/et_pb_column][\/et_pb_row][et_pb_row padding_mobile=&#8221;off&#8221; column_padding_mobile=&#8221;on&#8221; admin_label=&#8221;row&#8221; _builder_version=&#8221;4.16&#8243; background_size=&#8221;initial&#8221; background_position=&#8221;top_left&#8221; background_repeat=&#8221;repeat&#8221; make_fullwidth=&#8221;off&#8221; use_custom_width=&#8221;off&#8221; width_unit=&#8221;off&#8221; custom_width_px=&#8221;1080px&#8221; custom_width_percent=&#8221;80%&#8221; global_colors_info=&#8221;{}&#8221; column_structure=&#8221;1_3,1_3,1_3&#8243;][et_pb_column type=&#8221;1_3&#8243; _builder_version=&#8221;4.16&#8243; custom_padding=&#8221;|||&#8221; global_colors_info=&#8221;{}&#8221; custom_padding__hover=&#8221;|||&#8221;][et_pb_text admin_label=&#8221;Tekst&#8221; _builder_version=&#8221;4.16&#8243; background_color=&#8221;#e02b20&#8243; background_size=&#8221;initial&#8221; background_position=&#8221;top_left&#8221; background_repeat=&#8221;repeat&#8221; background_layout=&#8221;dark&#8221; custom_padding=&#8221;5px|15px|5px|15px&#8221; use_border_color=&#8221;off&#8221; border_style=&#8221;solid&#8221; global_colors_info=&#8221;{}&#8221;]<\/p>\n<h1 style=\"text-align: center;\"><\/h1>\n<h1 style=\"text-align: center;\">Pakiet\u00a0A<\/h1>\n<p style=\"text-align: center;\">Pr\u0119dko\u015b\u0107<br \/>\n<strong>30 Mbps \/ 2 Mbps<\/strong><\/p>\n<p style=\"text-align: center;\">Bez limitu miesi\u0119cznego transferu<\/p>\n<p style=\"text-align: center;\"><strong>39 z\u0142 brutto<\/strong><\/p>\n<p>[\/et_pb_text][\/et_pb_column][et_pb_column type=&#8221;1_3&#8243; _builder_version=&#8221;4.16&#8243; custom_padding=&#8221;|||&#8221; global_colors_info=&#8221;{}&#8221; custom_padding__hover=&#8221;|||&#8221;][et_pb_text admin_label=&#8221;Tekst&#8221; _builder_version=&#8221;4.16&#8243; background_color=&#8221;#0c71c3&#8243; background_size=&#8221;initial&#8221; background_position=&#8221;top_left&#8221; background_repeat=&#8221;repeat&#8221; background_layout=&#8221;dark&#8221; custom_padding=&#8221;5px|15px|5px|15px&#8221; use_border_color=&#8221;off&#8221; border_width=&#8221;12px&#8221; border_style=&#8221;solid&#8221; global_colors_info=&#8221;{}&#8221;]<\/p>\n<h1 style=\"text-align: center;\"><\/h1>\n<h1 style=\"text-align: center;\">Pakiet A+<\/h1>\n<p style=\"text-align: center;\">Pr\u0119dko\u015b\u0107<br \/>\n<strong>75 Mbps \/ 5 Mbps<\/strong><\/p>\n<p style=\"text-align: center;\">Bez limitu miesi\u0119cznego transferu<\/p>\n<p style=\"text-align: center;\"><strong>49 z\u0142 brutto<\/strong><\/p>\n<p>[\/et_pb_text][et_pb_text admin_label=&#8221;Tekst&#8221; _builder_version=&#8221;4.16&#8243; background_color=&#8221;#0c71c3&#8243; background_size=&#8221;initial&#8221; background_position=&#8221;top_left&#8221; background_repeat=&#8221;repeat&#8221; background_layout=&#8221;dark&#8221; custom_padding=&#8221;5px|15px|5px|15px&#8221; use_border_color=&#8221;off&#8221; border_width=&#8221;12px&#8221; border_style=&#8221;solid&#8221; global_colors_info=&#8221;{}&#8221;]<\/p>\n<h1 style=\"text-align: center;\"><\/h1>\n<h1 style=\"text-align: center;\">Pakiet C<\/h1>\n<p style=\"text-align: center;\">Pr\u0119dko\u015b\u0107<br \/>\n<strong>300\u00a0Mbps \/ 30 Mbps<\/strong><\/p>\n<p style=\"text-align: center;\">Bez limitu miesi\u0119cznego transferu<\/p>\n<p style=\"text-align: center;\"><strong>66 z\u0142 brutto<\/strong><\/p>\n<p>[\/et_pb_text][\/et_pb_column][et_pb_column type=&#8221;1_3&#8243; _builder_version=&#8221;4.16&#8243; custom_padding=&#8221;|||&#8221; global_colors_info=&#8221;{}&#8221; custom_padding__hover=&#8221;|||&#8221;][et_pb_text admin_label=&#8221;Tekst&#8221; _builder_version=&#8221;4.16&#8243; background_color=&#8221;#0cc935&#8243; background_size=&#8221;initial&#8221; background_position=&#8221;top_left&#8221; background_repeat=&#8221;repeat&#8221; background_layout=&#8221;dark&#8221; custom_padding=&#8221;5px|15px|5px|15px&#8221; use_border_color=&#8221;off&#8221; border_width=&#8221;12px&#8221; border_style=&#8221;solid&#8221; global_colors_info=&#8221;{}&#8221;]<\/p>\n<h1 style=\"text-align: center;\"><\/h1>\n<h1 style=\"text-align: center;\">Pakiet\u00a0B<\/h1>\n<p style=\"text-align: center;\">Pr\u0119dko\u015b\u0107<br \/>\n<strong>150 Mbps \/ 10 Mbps<\/strong><\/p>\n<p style=\"text-align: center;\">Bez limitu miesi\u0119cznego transferu<\/p>\n<p style=\"text-align: center;\"><strong>59 z\u0142 brutto<\/strong><\/p>\n<p>[\/et_pb_text][\/et_pb_column][\/et_pb_row][et_pb_row padding_mobile=&#8221;off&#8221; column_padding_mobile=&#8221;on&#8221; admin_label=&#8221;Wiersz&#8221; _builder_version=&#8221;4.16&#8243; background_size=&#8221;initial&#8221; background_position=&#8221;top_left&#8221; background_repeat=&#8221;repeat&#8221; make_fullwidth=&#8221;off&#8221; use_custom_width=&#8221;off&#8221; width_unit=&#8221;off&#8221; custom_width_px=&#8221;1080px&#8221; custom_width_percent=&#8221;80%&#8221; global_colors_info=&#8221;{}&#8221;][et_pb_column type=&#8221;4_4&#8243; _builder_version=&#8221;4.16&#8243; custom_padding=&#8221;|||&#8221; global_colors_info=&#8221;{}&#8221; custom_padding__hover=&#8221;|||&#8221;][\/et_pb_column][\/et_pb_row][et_pb_row padding_mobile=&#8221;off&#8221; column_padding_mobile=&#8221;on&#8221; admin_label=&#8221;Wiersz&#8221; _builder_version=&#8221;4.16&#8243; background_size=&#8221;initial&#8221; background_position=&#8221;top_left&#8221; background_repeat=&#8221;repeat&#8221; make_fullwidth=&#8221;off&#8221; use_custom_width=&#8221;off&#8221; width_unit=&#8221;off&#8221; custom_width_px=&#8221;1080px&#8221; custom_width_percent=&#8221;80%&#8221; global_colors_info=&#8221;{}&#8221;][et_pb_column type=&#8221;4_4&#8243; _builder_version=&#8221;4.16&#8243; custom_padding=&#8221;|||&#8221; global_colors_info=&#8221;{}&#8221; custom_padding__hover=&#8221;|||&#8221;][et_pb_text admin_label=&#8221;Tekst&#8221; _builder_version=&#8221;4.16&#8243; background_size=&#8221;initial&#8221; background_position=&#8221;top_left&#8221; background_repeat=&#8221;repeat&#8221; use_border_color=&#8221;off&#8221; border_style=&#8221;solid&#8221; global_colors_info=&#8221;{}&#8221;]<\/p>\n<h4>Umowa zawierana na czas nieokre\u015blony, z miesi\u0119cznym wypowiedzeniem.<\/h4>\n<p>Przy podpisaniu umowy: g\u0142\u00f3wny lokator, lub osoba posiadaj\u0105ca sta\u0142e zameldowanie. Dokumenty: dow\u00f3d osobisty, prawo do lokalu (dotyczy blok\u00f3w nie nale\u017c\u0105cych do Sp\u00f3\u0142dzielni Mieszkaniowej) i adres e-mail do kontaktu.<\/p>\n<p style=\"text-align: center;\">[\/et_pb_text][et_pb_text admin_label=&#8221;Tekst&#8221; _builder_version=&#8221;4.16&#8243; background_size=&#8221;initial&#8221; background_position=&#8221;top_left&#8221; background_repeat=&#8221;repeat&#8221; use_border_color=&#8221;off&#8221; border_style=&#8221;solid&#8221; global_colors_info=&#8221;{}&#8221;]Op\u0142ata przy\u0142\u0105czeniowa 50 z\u0142 (uiszczana przy podpisaniu umowy)<\/p>\n<p>Zabezpieczenie firmy na powierzony sprz\u0119t do wyboru:<\/p>\n<ul>\n<li>got\u00f3wka (kaucja)<\/li>\n<li>weksel na warto\u015b\u0107 100,00 z\u0142<\/li>\n<\/ul>\n<p style=\"text-align: center;\">[\/et_pb_text][\/et_pb_column][\/et_pb_row][\/et_pb_section]<\/p>\n","protected":false},"excerpt":{"rendered":"<p>Pakiet\u00a0A Pr\u0119dko\u015b\u0107 30 Mbps \/ 2 Mbps Bez limitu miesi\u0119cznego transferu 39 z\u0142 brutto Pakiet A+ Pr\u0119dko\u015b\u0107 75 Mbps \/ 5 Mbps Bez limitu miesi\u0119cznego transferu 49 z\u0142 brutto Pakiet C Pr\u0119dko\u015b\u0107 300\u00a0Mbps \/ 30 Mbps Bez limitu miesi\u0119cznego transferu 66 z\u0142 brutto Pakiet\u00a0B Pr\u0119dko\u015b\u0107 150 Mbps \/ 10 Mbps Bez limitu miesi\u0119cznego transferu 59 [&hellip;]<\/p>\n","protected":false},"author":1,"featured_media":0,"parent":0,"menu_order":0,"comment_status":"closed","ping_status":"closed","template":"","meta":{"_et_pb_use_builder":"on","_et_pb_old_content":"","_et_gb_content_width":"","footnotes":""},"class_list":["post-950","page","type-page","status-publish","hentry"],"_links":{"self":[{"href":"https:\/\/insant.pl\/index.php?rest_route=\/wp\/v2\/pages\/950","targetHints":{"allow":["GET"]}}],"collection":[{"href":"https:\/\/insant.pl\/index.php?rest_route=\/wp\/v2\/pages"}],"about":[{"href":"https:\/\/insant.pl\/index.php?rest_route=\/wp\/v2\/types\/page"}],"author":[{"embeddable":true,"href":"https:\/\/insant.pl\/index.php?rest_route=\/wp\/v2\/users\/1"}],"replies":[{"embeddable":true,"href":"https:\/\/insant.pl\/index.php?rest_route=%2Fwp%2Fv2%2Fcomments&post=950"}],"version-history":[{"count":27,"href":"https:\/\/insant.pl\/index.php?rest_route=\/wp\/v2\/pages\/950\/revisions"}],"predecessor-version":[{"id":1768,"href":"https:\/\/insant.pl\/index.php?rest_route=\/wp\/v2\/pages\/950\/revisions\/1768"}],"wp:attachment":[{"href":"https:\/\/insant.pl\/index.php?rest_route=%2Fwp%2Fv2%2Fmedia&parent=950"}],"curies":[{"name":"wp","href":"https:\/\/api.w.org\/{rel}","templated":true}]}}